{"id":994,"date":"2025-04-08T19:24:48","date_gmt":"2025-04-08T19:24:48","guid":{"rendered":"http:\/\/10.240.0.13\/?page_id=994"},"modified":"2025-04-22T15:47:19","modified_gmt":"2025-04-22T15:47:19","slug":"comercio-de-servicios","status":"publish","type":"page","link":"https:\/\/preprod.mic.gov.py\/?page_id=994","title":{"rendered":"Comercio de servicios"},"content":{"rendered":"<style>.elementor-994 .elementor-element.elementor-element-d86c260 > .elementor-container{max-width:1170px;}.elementor-994 .elementor-element.elementor-element-d86c260 > .elementor-container > .elementor-column > .elementor-widget-wrap{align-content:center;align-items:center;}.elementor-994 .elementor-element.elementor-element-d86c260:not(.elementor-motion-effects-element-type-background), .elementor-994 .elementor-element.elementor-element-d86c260 > .elementor-motion-effects-container > .elementor-motion-effects-layer{background-color:#FAFAFA;}.elementor-994 .elementor-element.elementor-element-d86c260 > .elementor-background-overlay{background-image:url(\"https:\/\/preprod.mic.gov.py\/wp-content\/uploads\/2025\/01\/estrella-py-2-1.png\");background-position:center center;background-repeat:no-repeat;background-size:cover;opacity:0.02;mix-blend-mode:exclusion;transition:background 0.3s, border-radius 0.3s, opacity 0.3s;}.elementor-994 .elementor-element.elementor-element-d86c260{transition:background 0.3s, border 0.3s, border-radius 0.3s, box-shadow 0.3s;margin-top:0px;margin-bottom:0px;padding:50px 0px 50px 0px;}.elementor-994 .elementor-element.elementor-element-4172084 > .elementor-element-populated{margin:0px 60px 0px 0px;--e-column-margin-right:60px;--e-column-margin-left:0px;}.elementor-widget-heading .elementor-heading-title{font-family:var( --e-global-typography-primary-font-family ), Sans-serif;font-size:var( --e-global-typography-primary-font-size );font-weight:var( --e-global-typography-primary-font-weight );}.pp-tooltip.pp-tooltip-{{ID}} .pp-tooltip-content{font-family:var( --e-global-typography-accent-font-family ), Sans-serif;font-weight:var( --e-global-typography-accent-font-weight );}.elementor-994 .elementor-element.elementor-element-8a2f1bc{text-align:start;z-index:2;}.elementor-994 .elementor-element.elementor-element-8a2f1bc .elementor-heading-title{font-family:var( --e-global-typography-secondary-font-family ), Sans-serif;font-weight:var( --e-global-typography-secondary-font-weight );color:#383838;}.elementor-994 .elementor-element.elementor-element-8a2f1bc > .elementor-widget-container{margin:0px 40px 0px 0px;}.elementor-994 .elementor-element.elementor-element-4d3535a{text-align:start;}.elementor-994 .elementor-element.elementor-element-4d3535a .elementor-heading-title{color:#383838;}.elementor-994 .elementor-element.elementor-element-92dddc3 > .elementor-container{max-width:1170px;}.elementor-994 .elementor-element.elementor-element-92dddc3 > .elementor-container > .elementor-column > .elementor-widget-wrap{align-content:center;align-items:center;}.elementor-994 .elementor-element.elementor-element-92dddc3:not(.elementor-motion-effects-element-type-background), .elementor-994 .elementor-element.elementor-element-92dddc3 > .elementor-motion-effects-container > .elementor-motion-effects-layer{background-color:#E7E7E7;}.elementor-994 .elementor-element.elementor-element-92dddc3 > .elementor-background-overlay{opacity:0.45;transition:background 0.3s, border-radius 0.3s, opacity 0.3s;}.elementor-994 .elementor-element.elementor-element-92dddc3{transition:background 0.3s, border 0.3s, border-radius 0.3s, box-shadow 0.3s;margin-top:0px;margin-bottom:0px;padding:50px 0px 0px 0px;}.elementor-bc-flex-widget .elementor-994 .elementor-element.elementor-element-f137f5b.elementor-column .elementor-widget-wrap{align-items:flex-start;}.elementor-994 .elementor-element.elementor-element-f137f5b.elementor-column.elementor-element[data-element_type=\"column\"] > .elementor-widget-wrap.elementor-element-populated{align-content:flex-start;align-items:flex-start;}.elementor-994 .elementor-element.elementor-element-f137f5b > .elementor-element-populated{margin:0px 60px 0px 0px;--e-column-margin-right:60px;--e-column-margin-left:0px;}.elementor-994 .elementor-element.elementor-element-a64b1cb > .elementor-container{max-width:1170px;}.elementor-994 .elementor-element.elementor-element-a64b1cb > .elementor-container > .elementor-column > .elementor-widget-wrap{align-content:center;align-items:center;}.elementor-994 .elementor-element.elementor-element-a64b1cb:not(.elementor-motion-effects-element-type-background), .elementor-994 .elementor-element.elementor-element-a64b1cb > .elementor-motion-effects-container > .elementor-motion-effects-layer{background-color:#E7E7E7;}.elementor-994 .elementor-element.elementor-element-a64b1cb > .elementor-background-overlay{opacity:0.45;transition:background 0.3s, border-radius 0.3s, opacity 0.3s;}.elementor-994 .elementor-element.elementor-element-a64b1cb{transition:background 0.3s, border 0.3s, border-radius 0.3s, box-shadow 0.3s;margin-top:0px;margin-bottom:0px;padding:0px 0px 0px 0px;}.elementor-bc-flex-widget .elementor-994 .elementor-element.elementor-element-29b2180.elementor-column .elementor-widget-wrap{align-items:flex-start;}.elementor-994 .elementor-element.elementor-element-29b2180.elementor-column.elementor-element[data-element_type=\"column\"] > .elementor-widget-wrap.elementor-element-populated{align-content:flex-start;align-items:flex-start;}.elementor-994 .elementor-element.elementor-element-29b2180 > .elementor-element-populated{margin:0px 60px 0px 0px;--e-column-margin-right:60px;--e-column-margin-left:0px;}.elementor-widget-pp-flipbox .pp-flipbox-icon-image .pp-icon-text{font-family:var( --e-global-typography-accent-font-family ), Sans-serif;font-weight:var( --e-global-typography-accent-font-weight );}.elementor-widget-pp-flipbox .pp-flipbox-icon-image-back .pp-icon-text{font-family:var( --e-global-typography-accent-font-family ), Sans-serif;font-weight:var( --e-global-typography-accent-font-weight );}.elementor-widget-pp-flipbox .pp-flipbox-button{font-family:var( --e-global-typography-accent-font-family ), Sans-serif;font-weight:var( --e-global-typography-accent-font-weight );}.elementor-994 .elementor-element.elementor-element-df93696 .pp-flipbox-container{height:70px;}.elementor-994 .elementor-element.elementor-element-df93696 .pp-flipbox-back, .elementor-994 .elementor-element.elementor-element-df93696 .pp-flipbox-front{border-radius:11px;}.elementor-994 .elementor-element.elementor-element-df93696 .pp-flipbox-front .pp-flipbox-overlay{text-align:center;}.elementor-994 .elementor-element.elementor-element-df93696 .pp-flipbox-front{background-color:#FFFFFF;}.elementor-994 .elementor-element.elementor-element-df93696 .pp-flipbox-front .pp-flipbox-heading{color:#3B3B3B;font-size:19px;margin-bottom:27px;}.elementor-994 .elementor-element.elementor-element-df93696 .pp-flipbox-back .pp-flipbox-overlay{text-align:center;}.elementor-994 .elementor-element.elementor-element-df93696 .pp-flipbox-back{background-color:var( --e-global-color-secondary );}.elementor-994 .elementor-element.elementor-element-df93696 .pp-flipbox-back .pp-flipbox-heading{color:#3B3B3B;font-size:19px;margin-bottom:0px;}.elementor-widget-alert .elementor-alert-title{font-family:var( --e-global-typography-primary-font-family ), Sans-serif;font-size:var( --e-global-typography-primary-font-size );font-weight:var( --e-global-typography-primary-font-weight );}.elementor-widget-alert .elementor-alert-description{font-family:var( --e-global-typography-text-font-family ), Sans-serif;font-weight:var( --e-global-typography-text-font-weight );}.elementor-bc-flex-widget .elementor-994 .elementor-element.elementor-element-ba8cd28.elementor-column .elementor-widget-wrap{align-items:flex-start;}.elementor-994 .elementor-element.elementor-element-ba8cd28.elementor-column.elementor-element[data-element_type=\"column\"] > .elementor-widget-wrap.elementor-element-populated{align-content:flex-start;align-items:flex-start;}.elementor-994 .elementor-element.elementor-element-ba8cd28 > .elementor-element-populated{margin:0px 60px 0px 0px;--e-column-margin-right:60px;--e-column-margin-left:0px;}.elementor-994 .elementor-element.elementor-element-b3c084a .pp-flipbox-container{height:70px;}.elementor-994 .elementor-element.elementor-element-b3c084a .pp-flipbox-back, .elementor-994 .elementor-element.elementor-element-b3c084a .pp-flipbox-front{border-radius:11px;}.elementor-994 .elementor-element.elementor-element-b3c084a .pp-flipbox-front .pp-flipbox-overlay{text-align:center;}.elementor-994 .elementor-element.elementor-element-b3c084a .pp-flipbox-front{background-color:#FFFFFF;}.elementor-994 .elementor-element.elementor-element-b3c084a .pp-flipbox-front .pp-flipbox-heading{color:#3B3B3B;font-size:19px;margin-bottom:27px;}.elementor-994 .elementor-element.elementor-element-b3c084a .pp-flipbox-back .pp-flipbox-overlay{text-align:center;}.elementor-994 .elementor-element.elementor-element-b3c084a .pp-flipbox-back{background-color:var( --e-global-color-secondary );}.elementor-994 .elementor-element.elementor-element-b3c084a .pp-flipbox-back .pp-flipbox-heading{color:#3B3B3B;font-size:19px;margin-bottom:0px;}.elementor-994 .elementor-element.elementor-element-6735e9e > .elementor-container{max-width:1170px;}.elementor-994 .elementor-element.elementor-element-6735e9e > .elementor-container > .elementor-column > .elementor-widget-wrap{align-content:center;align-items:center;}.elementor-994 .elementor-element.elementor-element-6735e9e:not(.elementor-motion-effects-element-type-background), .elementor-994 .elementor-element.elementor-element-6735e9e > .elementor-motion-effects-container > .elementor-motion-effects-layer{background-color:#E7E7E7;}.elementor-994 .elementor-element.elementor-element-6735e9e > .elementor-background-overlay{opacity:0.45;transition:background 0.3s, border-radius 0.3s, opacity 0.3s;}.elementor-994 .elementor-element.elementor-element-6735e9e{transition:background 0.3s, border 0.3s, border-radius 0.3s, box-shadow 0.3s;margin-top:0px;margin-bottom:0px;padding:50px 0px 0px 0px;}.elementor-bc-flex-widget .elementor-994 .elementor-element.elementor-element-00ddf3b.elementor-column .elementor-widget-wrap{align-items:flex-start;}.elementor-994 .elementor-element.elementor-element-00ddf3b.elementor-column.elementor-element[data-element_type=\"column\"] > .elementor-widget-wrap.elementor-element-populated{align-content:flex-start;align-items:flex-start;}.elementor-994 .elementor-element.elementor-element-00ddf3b > .elementor-element-populated{margin:0px 60px 0px 0px;--e-column-margin-right:60px;--e-column-margin-left:0px;}@media(max-width:1024px) and (min-width:768px){.elementor-994 .elementor-element.elementor-element-4172084{width:100%;}.elementor-994 .elementor-element.elementor-element-f137f5b{width:100%;}.elementor-994 .elementor-element.elementor-element-29b2180{width:100%;}.elementor-994 .elementor-element.elementor-element-ba8cd28{width:100%;}.elementor-994 .elementor-element.elementor-element-00ddf3b{width:100%;}}@media(max-width:1024px){.elementor-994 .elementor-element.elementor-element-d86c260{padding:80px 10px 200px 10px;}.elementor-widget-heading .elementor-heading-title{font-size:var( --e-global-typography-primary-font-size );}.elementor-994 .elementor-element.elementor-element-8a2f1bc > .elementor-widget-container{margin:0px 0px 0px 0px;}.elementor-994 .elementor-element.elementor-element-92dddc3{padding:80px 10px 200px 10px;}.elementor-994 .elementor-element.elementor-element-a64b1cb{padding:80px 10px 200px 10px;}.elementor-widget-alert .elementor-alert-title{font-size:var( --e-global-typography-primary-font-size );}.elementor-994 .elementor-element.elementor-element-6735e9e{padding:80px 10px 200px 10px;}}@media(max-width:767px){.elementor-994 .elementor-element.elementor-element-d86c260{padding:40px 10px 160px 10px;}.elementor-994 .elementor-element.elementor-element-4172084 > .elementor-element-populated{margin:0px 0px 0px 0px;--e-column-margin-right:0px;--e-column-margin-left:0px;}.elementor-widget-heading .elementor-heading-title{font-size:var( --e-global-typography-primary-font-size );}.elementor-994 .elementor-element.elementor-element-8a2f1bc > .elementor-widget-container{margin:0px 0px -5px 0px;}.elementor-994 .elementor-element.elementor-element-92dddc3{padding:40px 10px 160px 10px;}.elementor-994 .elementor-element.elementor-element-f137f5b > .elementor-element-populated{margin:0px 0px 0px 0px;--e-column-margin-right:0px;--e-column-margin-left:0px;}.elementor-994 .elementor-element.elementor-element-a64b1cb{padding:40px 10px 160px 10px;}.elementor-994 .elementor-element.elementor-element-29b2180 > .elementor-element-populated{margin:0px 0px 0px 0px;--e-column-margin-right:0px;--e-column-margin-left:0px;}.elementor-widget-alert .elementor-alert-title{font-size:var( --e-global-typography-primary-font-size );}.elementor-994 .elementor-element.elementor-element-ba8cd28 > .elementor-element-populated{margin:0px 0px 0px 0px;--e-column-margin-right:0px;--e-column-margin-left:0px;}.elementor-994 .elementor-element.elementor-element-6735e9e{padding:40px 10px 160px 10px;}.elementor-994 .elementor-element.elementor-element-00ddf3b > .elementor-element-populated{margin:0px 0px 0px 0px;--e-column-margin-right:0px;--e-column-margin-left:0px;}}<\/style>\t\t<div data-elementor-type=\"wp-page\" data-elementor-id=\"994\" class=\"elementor elementor-994\">\n\t\t\t\t\t\t<section class=\"elementor-section elementor-top-section elementor-element elementor-element-d86c260 elementor-section-content-middle elementor-section-boxed elementor-section-height-default elementor-section-height-default\" data-id=\"d86c260\" data-element_type=\"section\" data-e-type=\"section\" data-settings=\"{&quot;background_background&quot;:&quot;classic&quot;}\">\n\t\t\t\t\t\t\t<div class=\"elementor-background-overlay\"><\/div>\n\t\t\t\t\t\t\t<div class=\"elementor-container elementor-column-gap-default\">\n\t\t\t\t\t<div class=\"elementor-column elementor-col-100 elementor-top-column elementor-element elementor-element-4172084\" data-id=\"4172084\" data-element_type=\"column\" data-e-type=\"column\">\n\t\t\t<div class=\"elementor-widget-wrap elementor-element-populated\">\n\t\t\t\t\t\t<div class=\"elementor-element elementor-element-8a2f1bc elementor-widget elementor-widget-heading\" data-id=\"8a2f1bc\" data-element_type=\"widget\" data-e-type=\"widget\" data-widget_type=\"heading.default\">\n\t\t\t\t<div class=\"elementor-widget-container\">\n\t\t\t\t\t<h2 class=\"elementor-heading-title elementor-size-default\">COMERCIO DE SERVICIOS<\/h2>\t\t\t\t<\/div>\n\t\t\t\t<\/div>\n\t\t\t\t<div class=\"elementor-element elementor-element-4d3535a elementor-widget elementor-widget-heading\" data-id=\"4d3535a\" data-element_type=\"widget\" data-e-type=\"widget\" data-widget_type=\"heading.default\">\n\t\t\t\t<div class=\"elementor-widget-container\">\n\t\t\t\t\t<h5 class=\"elementor-heading-title elementor-size-default\">Comercio de servicios <\/h5>\t\t\t\t<\/div>\n\t\t\t\t<\/div>\n\t\t\t\t\t<\/div>\n\t\t<\/div>\n\t\t\t\t\t<\/div>\n\t\t<\/section>\n\t\t\t\t<section class=\"elementor-section elementor-top-section elementor-element elementor-element-92dddc3 elementor-section-content-middle elementor-section-boxed elementor-section-height-default elementor-section-height-default\" data-id=\"92dddc3\" data-element_type=\"section\" data-e-type=\"section\" data-settings=\"{&quot;background_background&quot;:&quot;classic&quot;}\">\n\t\t\t\t\t\t\t<div class=\"elementor-background-overlay\"><\/div>\n\t\t\t\t\t\t\t<div class=\"elementor-container elementor-column-gap-default\">\n\t\t\t\t\t<div class=\"elementor-column elementor-col-100 elementor-top-column elementor-element elementor-element-f137f5b\" data-id=\"f137f5b\" data-element_type=\"column\" data-e-type=\"column\">\n\t\t\t<div class=\"elementor-widget-wrap\">\n\t\t\t\t\t\t\t<\/div>\n\t\t<\/div>\n\t\t\t\t\t<\/div>\n\t\t<\/section>\n\t\t\t\t<section class=\"elementor-section elementor-top-section elementor-element elementor-element-a64b1cb elementor-section-content-middle elementor-section-boxed elementor-section-height-default elementor-section-height-default\" data-id=\"a64b1cb\" data-element_type=\"section\" data-e-type=\"section\" data-settings=\"{&quot;background_background&quot;:&quot;classic&quot;}\">\n\t\t\t\t\t\t\t<div class=\"elementor-background-overlay\"><\/div>\n\t\t\t\t\t\t\t<div class=\"elementor-container elementor-column-gap-default\">\n\t\t\t\t\t<div class=\"elementor-column elementor-col-50 elementor-top-column elementor-element elementor-element-29b2180\" data-id=\"29b2180\" data-element_type=\"column\" data-e-type=\"column\">\n\t\t\t<div class=\"elementor-widget-wrap elementor-element-populated\">\n\t\t\t\t\t\t<div class=\"elementor-element elementor-element-df93696 elementor-widget elementor-widget-pp-flipbox\" data-id=\"df93696\" data-element_type=\"widget\" data-e-type=\"widget\" data-widget_type=\"pp-flipbox.default\">\n\t\t\t\t<div class=\"elementor-widget-container\">\n\t\t\t\t\t\t\t<div class=\"pp-flipbox-container pp-animate-push pp-direction-left\">\n\t\t\t<div class=\"pp-flipbox-flip-card\">\n\t\t\t\t\t\t<div class=\"pp-flipbox-front\">\n\t\t\t<div class=\"pp-flipbox-overlay\">\n\t\t\t\t<div class=\"pp-flipbox-inner\">\n\t\t\t\t\t<div class=\"pp-flipbox-icon-image\">\n\t\t\t\t\t\t\t\t\t\t\t<\/div>\n\n\t\t\t\t\t<h3 class=\"pp-flipbox-heading\">\n\t\t\t\t\t\tRegistro de presentadores de Servicios - REPSE\t\t\t\t\t<\/h3>\n\n\t\t\t\t\t<div class=\"pp-flipbox-content\">\n\t\t\t\t\t\t\t\t\t\t\t<\/div>\n\t\t\t\t<\/div>\n\t\t\t<\/div>\n\t\t<\/div>\n\t\t\t\t<div class=\"pp-flipbox-back\">\n\t\t\t\t\t\t\t<a class=\"pp-flipbox-box-link\" href=\"#\"><\/a>\n\t\t\t\t\t\t<div class=\"pp-flipbox-overlay\">\n\t\t\t\t<div class=\"pp-flipbox-inner\">\n\t\t\t\t\t\n\t\t\t\t\t\t\t\t\t\t\t<h3 class=\"pp-flipbox-heading\">\n\t\t\t\t\t\t\tRegistro de presentadores de Servicios - REPSE\t\t\t\t\t\t<\/h3>\n\t\t\t\t\t\n\t\t\t\t\t<div class=\"pp-flipbox-content\">\n\t\t\t\t\t\t\t\t\t\t\t<\/div>\n\n\t\t\t\t\t\t\t\t\t<\/div>\n\t\t\t<\/div>\n\t\t<\/div>\n\t\t\t\t\t<\/div>\n\t\t<\/div>\n\t\t\t\t\t\t<\/div>\n\t\t\t\t<\/div>\n\t\t\t\t<div class=\"elementor-element elementor-element-a61eb80 elementor-alert-info elementor-widget elementor-widget-alert\" data-id=\"a61eb80\" data-element_type=\"widget\" data-e-type=\"widget\" data-widget_type=\"alert.default\">\n\t\t\t\t<div class=\"elementor-widget-container\">\n\t\t\t\t\t\t\t<div class=\"elementor-alert\" role=\"alert\">\n\n\t\t\t\n\t\t\t\t\t\t<span class=\"elementor-alert-description\">El REPSE constituye un Registro de Prestadores de Servicios, tanto de Personas Jur\u00eddicas como de Personas F\u00edsicas, establecido para promover y formalizar el Comercio de Servicios, sector econ\u00f3mico importante que contribuye en m\u00e1s del 50% en la generaci\u00f3n del PIB nacional y en 60% en la ocupaci\u00f3n de la mano de obra de la Poblaci\u00f3n Econ\u00f3micamente Activa (PEA).<\/span>\n\t\t\t\n\t\t\t\n\t\t<\/div>\n\t\t\t\t\t\t<\/div>\n\t\t\t\t<\/div>\n\t\t\t\t\t<\/div>\n\t\t<\/div>\n\t\t\t\t<div class=\"elementor-column elementor-col-50 elementor-top-column elementor-element elementor-element-ba8cd28\" data-id=\"ba8cd28\" data-element_type=\"column\" data-e-type=\"column\">\n\t\t\t<div class=\"elementor-widget-wrap elementor-element-populated\">\n\t\t\t\t\t\t<div class=\"elementor-element elementor-element-b3c084a elementor-widget elementor-widget-pp-flipbox\" data-id=\"b3c084a\" data-element_type=\"widget\" data-e-type=\"widget\" data-widget_type=\"pp-flipbox.default\">\n\t\t\t\t<div class=\"elementor-widget-container\">\n\t\t\t\t\t\t\t<div class=\"pp-flipbox-container pp-animate-push pp-direction-left\">\n\t\t\t<div class=\"pp-flipbox-flip-card\">\n\t\t\t\t\t\t<div class=\"pp-flipbox-front\">\n\t\t\t<div class=\"pp-flipbox-overlay\">\n\t\t\t\t<div class=\"pp-flipbox-inner\">\n\t\t\t\t\t<div class=\"pp-flipbox-icon-image\">\n\t\t\t\t\t\t\t\t\t\t\t<\/div>\n\n\t\t\t\t\t<h3 class=\"pp-flipbox-heading\">\n\t\t\t\t\t\tBuscador de servicios \t\t\t\t\t<\/h3>\n\n\t\t\t\t\t<div class=\"pp-flipbox-content\">\n\t\t\t\t\t\t\t\t\t\t\t<\/div>\n\t\t\t\t<\/div>\n\t\t\t<\/div>\n\t\t<\/div>\n\t\t\t\t<div class=\"pp-flipbox-back\">\n\t\t\t\t\t\t\t<a class=\"pp-flipbox-box-link\" href=\"#\"><\/a>\n\t\t\t\t\t\t<div class=\"pp-flipbox-overlay\">\n\t\t\t\t<div class=\"pp-flipbox-inner\">\n\t\t\t\t\t\n\t\t\t\t\t\t\t\t\t\t\t<h3 class=\"pp-flipbox-heading\">\n\t\t\t\t\t\t\tBuscador de servicios \t\t\t\t\t\t<\/h3>\n\t\t\t\t\t\n\t\t\t\t\t<div class=\"pp-flipbox-content\">\n\t\t\t\t\t\t\t\t\t\t\t<\/div>\n\n\t\t\t\t\t\t\t\t\t<\/div>\n\t\t\t<\/div>\n\t\t<\/div>\n\t\t\t\t\t<\/div>\n\t\t<\/div>\n\t\t\t\t\t\t<\/div>\n\t\t\t\t<\/div>\n\t\t\t\t<div class=\"elementor-element elementor-element-60ece55 elementor-alert-info elementor-widget elementor-widget-alert\" data-id=\"60ece55\" data-element_type=\"widget\" data-e-type=\"widget\" data-widget_type=\"alert.default\">\n\t\t\t\t<div class=\"elementor-widget-container\">\n\t\t\t\t\t\t\t<div class=\"elementor-alert\" role=\"alert\">\n\n\t\t\t\n\t\t\t\t\t\t<span class=\"elementor-alert-description\">El Directorio de Servicios para Inversionistas es un buscador para facilitar al inversor extranjero la instalaci\u00f3n en el Paraguay. Encuentre aqu\u00ed empresas que brindan servicios en Paraguay y c\u00f3mo contactarlos.<\/span>\n\t\t\t\n\t\t\t\n\t\t<\/div>\n\t\t\t\t\t\t<\/div>\n\t\t\t\t<\/div>\n\t\t\t\t\t<\/div>\n\t\t<\/div>\n\t\t\t\t\t<\/div>\n\t\t<\/section>\n\t\t\t\t<section class=\"elementor-section elementor-top-section elementor-element elementor-element-6735e9e elementor-section-content-middle elementor-section-boxed elementor-section-height-default elementor-section-height-default\" data-id=\"6735e9e\" data-element_type=\"section\" data-e-type=\"section\" data-settings=\"{&quot;background_background&quot;:&quot;classic&quot;}\">\n\t\t\t\t\t\t\t<div class=\"elementor-background-overlay\"><\/div>\n\t\t\t\t\t\t\t<div class=\"elementor-container elementor-column-gap-default\">\n\t\t\t\t\t<div class=\"elementor-column elementor-col-100 elementor-top-column elementor-element elementor-element-00ddf3b\" data-id=\"00ddf3b\" data-element_type=\"column\" data-e-type=\"column\">\n\t\t\t<div class=\"elementor-widget-wrap\">\n\t\t\t\t\t\t\t<\/div>\n\t\t<\/div>\n\t\t\t\t\t<\/div>\n\t\t<\/section>\n\t\t\t\t<\/div>\n\t\t","protected":false},"excerpt":{"rendered":"<p>COMERCIO DE SERVICIOS Comercio de servicios Registro de presentadores de Servicios &#8211; REPSE Registro de presentadores de Servicios &#8211; REPSE El REPSE constituye un Registro de Prestadores de Servicios, tanto de Personas Jur\u00eddicas como de Personas F\u00edsicas, establecido para promover y formalizar el Comercio de Servicios, sector econ\u00f3mico importante que contribuye en m\u00e1s del 50% [&hellip;]<\/p>\n","protected":false},"author":1,"featured_media":0,"parent":0,"menu_order":0,"comment_status":"closed","ping_status":"closed","template":"elementor_header_footer","meta":{"_themeisle_gutenberg_block_has_review":false,"footnotes":""},"class_list":["post-994","page","type-page","status-publish","hentry"],"_links":{"self":[{"href":"https:\/\/preprod.mic.gov.py\/index.php?rest_route=\/wp\/v2\/pages\/994","targetHints":{"allow":["GET"]}}],"collection":[{"href":"https:\/\/preprod.mic.gov.py\/index.php?rest_route=\/wp\/v2\/pages"}],"about":[{"href":"https:\/\/preprod.mic.gov.py\/index.php?rest_route=\/wp\/v2\/types\/page"}],"author":[{"embeddable":true,"href":"https:\/\/preprod.mic.gov.py\/index.php?rest_route=\/wp\/v2\/users\/1"}],"replies":[{"embeddable":true,"href":"https:\/\/preprod.mic.gov.py\/index.php?rest_route=%2Fwp%2Fv2%2Fcomments&post=994"}],"version-history":[{"count":16,"href":"https:\/\/preprod.mic.gov.py\/index.php?rest_route=\/wp\/v2\/pages\/994\/revisions"}],"predecessor-version":[{"id":1083,"href":"https:\/\/preprod.mic.gov.py\/index.php?rest_route=\/wp\/v2\/pages\/994\/revisions\/1083"}],"wp:attachment":[{"href":"https:\/\/preprod.mic.gov.py\/index.php?rest_route=%2Fwp%2Fv2%2Fmedia&parent=994"}],"curies":[{"name":"wp","href":"https:\/\/api.w.org\/{rel}","templated":true}]}}