{"id":3253,"date":"2026-02-07T19:23:21","date_gmt":"2026-02-07T22:23:21","guid":{"rendered":"https:\/\/preprod.mic.gov.py\/?page_id=3253"},"modified":"2026-02-07T19:25:23","modified_gmt":"2026-02-07T22:25:23","slug":"exportaciones-copy","status":"publish","type":"page","link":"https:\/\/preprod.mic.gov.py\/?page_id=3253","title":{"rendered":"Tramites y\/o servicios para exportadores"},"content":{"rendered":"<style>.elementor-3253 .elementor-element.elementor-element-d86c260 > .elementor-container{max-width:1170px;}.elementor-3253 .elementor-element.elementor-element-d86c260 > .elementor-container > .elementor-column > .elementor-widget-wrap{align-content:center;align-items:center;}.elementor-3253 .elementor-element.elementor-element-d86c260:not(.elementor-motion-effects-element-type-background), .elementor-3253 .elementor-element.elementor-element-d86c260 > .elementor-motion-effects-container > .elementor-motion-effects-layer{background-color:#FAFAFA;}.elementor-3253 .elementor-element.elementor-element-d86c260 > .elementor-background-overlay{background-image:url(\"https:\/\/preprod.mic.gov.py\/wp-content\/uploads\/2025\/01\/estrella-py-2-1.png\");background-position:center center;background-repeat:no-repeat;background-size:cover;opacity:0.02;mix-blend-mode:exclusion;transition:background 0.3s, border-radius 0.3s, opacity 0.3s;}.elementor-3253 .elementor-element.elementor-element-d86c260{transition:background 0.3s, border 0.3s, border-radius 0.3s, box-shadow 0.3s;margin-top:0px;margin-bottom:0px;padding:50px 0px 50px 0px;}.elementor-3253 .elementor-element.elementor-element-4172084 > .elementor-element-populated{margin:0px 60px 0px 0px;--e-column-margin-right:60px;--e-column-margin-left:0px;}.elementor-widget-heading .elementor-heading-title{font-family:var( --e-global-typography-primary-font-family ), Sans-serif;font-size:var( --e-global-typography-primary-font-size );font-weight:var( --e-global-typography-primary-font-weight );}.pp-tooltip.pp-tooltip-{{ID}} .pp-tooltip-content{font-family:var( --e-global-typography-accent-font-family ), Sans-serif;font-weight:var( --e-global-typography-accent-font-weight );}.elementor-3253 .elementor-element.elementor-element-8a2f1bc{text-align:start;z-index:2;}.elementor-3253 .elementor-element.elementor-element-8a2f1bc .elementor-heading-title{font-family:var( --e-global-typography-secondary-font-family ), Sans-serif;font-weight:var( --e-global-typography-secondary-font-weight );color:#383838;}.elementor-3253 .elementor-element.elementor-element-8a2f1bc > .elementor-widget-container{margin:0px 40px 0px 0px;}.elementor-3253 .elementor-element.elementor-element-4d3535a{text-align:start;}.elementor-3253 .elementor-element.elementor-element-4d3535a .elementor-heading-title{color:#383838;}.elementor-3253 .elementor-element.elementor-element-5ce76ca{--display:flex;--flex-direction:column;--container-widget-width:100%;--container-widget-height:initial;--container-widget-flex-grow:0;--container-widget-align-self:initial;--flex-wrap-mobile:wrap;}@media(max-width:1024px) and (min-width:768px){.elementor-3253 .elementor-element.elementor-element-4172084{width:100%;}}@media(max-width:1024px){.elementor-3253 .elementor-element.elementor-element-d86c260{padding:80px 10px 200px 10px;}.elementor-widget-heading .elementor-heading-title{font-size:var( --e-global-typography-primary-font-size );}.elementor-3253 .elementor-element.elementor-element-8a2f1bc > .elementor-widget-container{margin:0px 0px 0px 0px;}}@media(max-width:767px){.elementor-3253 .elementor-element.elementor-element-d86c260{padding:40px 10px 160px 10px;}.elementor-3253 .elementor-element.elementor-element-4172084 > .elementor-element-populated{margin:0px 0px 0px 0px;--e-column-margin-right:0px;--e-column-margin-left:0px;}.elementor-widget-heading .elementor-heading-title{font-size:var( --e-global-typography-primary-font-size );}.elementor-3253 .elementor-element.elementor-element-8a2f1bc > .elementor-widget-container{margin:0px 0px -5px 0px;}}<\/style>\t\t<div data-elementor-type=\"wp-page\" data-elementor-id=\"3253\" class=\"elementor elementor-3253\">\n\t\t\t\t\t\t<section class=\"elementor-section elementor-top-section elementor-element elementor-element-d86c260 elementor-section-content-middle elementor-section-boxed elementor-section-height-default elementor-section-height-default\" data-id=\"d86c260\" data-element_type=\"section\" data-e-type=\"section\" data-settings=\"{&quot;background_background&quot;:&quot;classic&quot;}\">\n\t\t\t\t\t\t\t<div class=\"elementor-background-overlay\"><\/div>\n\t\t\t\t\t\t\t<div class=\"elementor-container elementor-column-gap-default\">\n\t\t\t\t\t<div class=\"elementor-column elementor-col-100 elementor-top-column elementor-element elementor-element-4172084\" data-id=\"4172084\" data-element_type=\"column\" data-e-type=\"column\">\n\t\t\t<div class=\"elementor-widget-wrap elementor-element-populated\">\n\t\t\t\t\t\t<div class=\"elementor-element elementor-element-8a2f1bc elementor-widget elementor-widget-heading\" data-id=\"8a2f1bc\" data-element_type=\"widget\" data-e-type=\"widget\" data-widget_type=\"heading.default\">\n\t\t\t\t<div class=\"elementor-widget-container\">\n\t\t\t\t\t<h2 class=\"elementor-heading-title elementor-size-default\">TRAMITES Y\/O SERVICIOS PARA EXPORTADORES<\/h2>\t\t\t\t<\/div>\n\t\t\t\t<\/div>\n\t\t\t\t<div class=\"elementor-element elementor-element-4d3535a elementor-widget elementor-widget-heading\" data-id=\"4d3535a\" data-element_type=\"widget\" data-e-type=\"widget\" data-widget_type=\"heading.default\">\n\t\t\t\t<div class=\"elementor-widget-container\">\n\t\t\t\t\t<h5 class=\"elementor-heading-title elementor-size-default\">Subsecretar\u00eda de Estado de Comercio y Servicios.<\/h5>\t\t\t\t<\/div>\n\t\t\t\t<\/div>\n\t\t\t\t\t<\/div>\n\t\t<\/div>\n\t\t\t\t\t<\/div>\n\t\t<\/section>\n\t\t<div class=\"elementor-element elementor-element-5ce76ca e-flex e-con-boxed e-con e-parent\" data-id=\"5ce76ca\" data-element_type=\"container\" data-e-type=\"container\">\n\t\t\t\t\t<div class=\"e-con-inner\">\n\t\t\t\t<div class=\"elementor-element elementor-element-e8e1646 elementor-widget elementor-widget-shortcode\" data-id=\"e8e1646\" data-element_type=\"widget\" data-e-type=\"widget\" data-widget_type=\"shortcode.default\">\n\t\t\t\t<div class=\"elementor-widget-container\">\n\t\t\t\t\t\t\t<div class=\"elementor-shortcode\">\n<table id=\"tablepress-14\" class=\"tablepress tablepress-id-14\">\n<thead>\n<tr class=\"row-1\">\n\t<th class=\"column-1\">Nombre del Servicios y\/o tramite<\/th><th class=\"column-2\">Tipo<\/th><th class=\"column-3\">Modalidad<\/th><td class=\"column-4\"><\/td>\n<\/tr>\n<\/thead>\n<tbody class=\"row-striping row-hover\">\n<tr class=\"row-2\">\n\t<td class=\"column-1\">Registro de Exportadores<\/td><td class=\"column-2\">Registro<\/td><td class=\"column-3\">Virtual<\/td><td class=\"column-4\"><a href=\"https:\/\/preprod.mic.gov.py\/?page_id=2344\" target=\"_blank\">ver mas<\/a><\/td>\n<\/tr>\n<tr class=\"row-3\">\n\t<td class=\"column-1\">Solicitud de Usuario VUE<\/td><td class=\"column-2\">Registro<\/td><td class=\"column-3\">Virtual<\/td><td class=\"column-4\">ver mas<\/td>\n<\/tr>\n<tr class=\"row-4\">\n\t<td class=\"column-1\">Licencia de Exportaci\u00f3n de Petit Grain<\/td><td class=\"column-2\">Licencia previa<\/td><td class=\"column-3\">Virtual<\/td><td class=\"column-4\"><\/td>\n<\/tr>\n<tr class=\"row-5\">\n\t<td class=\"column-1\">Licencia Previa de Exportaci\u00f3n de Aluminio, Cobre y Bronce<\/td><td class=\"column-2\">Licencia previa<\/td><td class=\"column-3\">Virtual<\/td><td class=\"column-4\"><\/td>\n<\/tr>\n<tr class=\"row-6\">\n\t<td class=\"column-1\">Licencia Previa de Exportaci\u00f3n de Productos Sider\u00fargicos<\/td><td class=\"column-2\">Licencia previa<\/td><td class=\"column-3\">Virtual<\/td><td class=\"column-4\"><\/td>\n<\/tr>\n<tr class=\"row-7\">\n\t<td class=\"column-1\">Informaci\u00f3n sobre requisitos t\u00e9cnicos para exportaci\u00f3n de productos<\/td><td class=\"column-2\">Informaci\u00f3n \/ Notificaci\u00f3n<\/td><td class=\"column-3\">Virtual<\/td><td class=\"column-4\"><\/td>\n<\/tr>\n<tr class=\"row-8\">\n\t<td class=\"column-1\">Normativas sobre comercio exterior<\/td><td class=\"column-2\">Informaci\u00f3n \/ Notificaci\u00f3n<\/td><td class=\"column-3\">Virtual<\/td><td class=\"column-4\"><\/td>\n<\/tr>\n<tr class=\"row-9\">\n\t<td class=\"column-1\">Sistema Nacional de Informaci\u00f3n y Notificaci\u00f3n (SNIN)<\/td><td class=\"column-2\">Informaci\u00f3n \/ Notificaci\u00f3n<\/td><td class=\"column-3\">Virtual<\/td><td class=\"column-4\"><\/td>\n<\/tr>\n<tr class=\"row-10\">\n\t<td class=\"column-1\">Investigaci\u00f3n Antidumping<\/td><td class=\"column-2\">Defensa comercial<\/td><td class=\"column-3\">Presencial<\/td><td class=\"column-4\"><\/td>\n<\/tr>\n<tr class=\"row-11\">\n\t<td class=\"column-1\">Investigaci\u00f3n de Salvaguardia<\/td><td class=\"column-2\">Defensa comercial<\/td><td class=\"column-3\">Presencial<\/td><td class=\"column-4\"><\/td>\n<\/tr>\n<tr class=\"row-12\">\n\t<td class=\"column-1\">Investigaci\u00f3n de Subvenciones y Aplicaci\u00f3n de Derechos Compensatorios<\/td><td class=\"column-2\">Defensa comercial<\/td><td class=\"column-3\">Presencial<\/td><td class=\"column-4\"><\/td>\n<\/tr>\n<tr class=\"row-13\">\n\t<td class=\"column-1\">Certificado de Exportaci\u00f3n de Az\u00facar a EE.UU.<\/td><td class=\"column-2\">Certificado de Exportaci\u00f3n<\/td><td class=\"column-3\">Virtual<\/td><td class=\"column-4\"><\/td>\n<\/tr>\n<tr class=\"row-14\">\n\t<td class=\"column-1\">Certificado de Origen para la Exportaci\u00f3n<\/td><td class=\"column-2\">Certificado de Exportaci\u00f3n<\/td><td class=\"column-3\">Virtual<\/td><td class=\"column-4\"><\/td>\n<\/tr>\n<tr class=\"row-15\">\n\t<td class=\"column-1\">Cesi\u00f3n de Derecho<\/td><td class=\"column-2\">Certificado de Exportaci\u00f3n<\/td><td class=\"column-3\">Virtual<\/td><td class=\"column-4\"><\/td>\n<\/tr>\n<tr class=\"row-16\">\n\t<td class=\"column-1\">Vinculaci\u00f3n del Nuevo Despacho de Exportaci\u00f3n<\/td><td class=\"column-2\">Certificado de Exportaci\u00f3n<\/td><td class=\"column-3\">Virtual<\/td><td class=\"column-4\"><\/td>\n<\/tr>\n<tr class=\"row-17\">\n\t<td class=\"column-1\">Visaci\u00f3n de Documentos relacionados a Certificados de Origen<\/td><td class=\"column-2\">Certificado de Exportaci\u00f3n<\/td><td class=\"column-3\">Virtual<\/td><td class=\"column-4\"><\/td>\n<\/tr>\n<tr class=\"row-18\">\n\t<td class=\"column-1\">Certificado de Cupo para Exportaci\u00f3n de Az\u00facar a la Rep\u00fablica de China (Taiw\u00e1n)<\/td><td class=\"column-2\">Certificado de Exportaci\u00f3n<\/td><td class=\"column-3\">Virtual<\/td><td class=\"column-4\"><\/td>\n<\/tr>\n<\/tbody>\n<\/table>\n<!-- #tablepress-14 from cache --><\/div>\n\t\t\t\t\t\t<\/div>\n\t\t\t\t<\/div>\n\t\t\t\t\t<\/div>\n\t\t\t\t<\/div>\n\t\t\t\t<\/div>\n\t\t","protected":false},"excerpt":{"rendered":"<p>TRAMITES Y\/O SERVICIOS PARA EXPORTADORES Subsecretar\u00eda de Estado de Comercio y Servicios.<\/p>\n","protected":false},"author":12,"featured_media":0,"parent":0,"menu_order":0,"comment_status":"closed","ping_status":"closed","template":"elementor_header_footer","meta":{"_themeisle_gutenberg_block_has_review":false,"footnotes":""},"class_list":["post-3253","page","type-page","status-publish","hentry"],"_links":{"self":[{"href":"https:\/\/preprod.mic.gov.py\/index.php?rest_route=\/wp\/v2\/pages\/3253","targetHints":{"allow":["GET"]}}],"collection":[{"href":"https:\/\/preprod.mic.gov.py\/index.php?rest_route=\/wp\/v2\/pages"}],"about":[{"href":"https:\/\/preprod.mic.gov.py\/index.php?rest_route=\/wp\/v2\/types\/page"}],"author":[{"embeddable":true,"href":"https:\/\/preprod.mic.gov.py\/index.php?rest_route=\/wp\/v2\/users\/12"}],"replies":[{"embeddable":true,"href":"https:\/\/preprod.mic.gov.py\/index.php?rest_route=%2Fwp%2Fv2%2Fcomments&post=3253"}],"version-history":[{"count":5,"href":"https:\/\/preprod.mic.gov.py\/index.php?rest_route=\/wp\/v2\/pages\/3253\/revisions"}],"predecessor-version":[{"id":3261,"href":"https:\/\/preprod.mic.gov.py\/index.php?rest_route=\/wp\/v2\/pages\/3253\/revisions\/3261"}],"wp:attachment":[{"href":"https:\/\/preprod.mic.gov.py\/index.php?rest_route=%2Fwp%2Fv2%2Fmedia&parent=3253"}],"curies":[{"name":"wp","href":"https:\/\/api.w.org\/{rel}","templated":true}]}}