{"id":3025,"date":"2025-06-18T16:35:09","date_gmt":"2025-06-18T16:35:09","guid":{"rendered":"http:\/\/10.240.0.13\/?page_id=3025"},"modified":"2026-02-26T17:08:32","modified_gmt":"2026-02-26T20:08:32","slug":"nosotros","status":"publish","type":"page","link":"https:\/\/preprod.mic.gov.py\/?page_id=3025","title":{"rendered":"Nosotros"},"content":{"rendered":"<h2>Nosotros<\/h2>\n<ul>\n<li>Inicio<\/li>\n<li>Nosotros<\/li>\n<\/ul>\n<h1>Misi\u00f3n<\/h1>\n<p>Promover pol\u00edticas p\u00fablicas que apuntalen el desarrollo sostenible del sector empresarial; a trav\u00e9s del incremento de su competitividad<\/p>\n<h1>Visi\u00f3n<\/h1>\n<p>Ser la instituci\u00f3n p\u00fablica l\u00edder en la promoci\u00f3n del desarrollo competitivo y sostenible del sector empresarial en el Paraguay, contribuyendo a la calidad de vida de la sociedad.<\/p>\n<h1>Valores<\/h1>\n<p>Respeto, compromiso, esp\u00edritu de servicio, honestidad, responsabilidad, innovaci\u00f3n, igualdad.<\/p>\n<h1>NOSOTROS<\/h1>\n<p>El Ministerio de Industria y Comercio de Paraguay es\u00a0la\u00a0entidad gubernamental encargada de promover y regular el desarrollo de la industria y el comercio en Paraguay. Su principal objetivo es impulsar el crecimiento econ\u00f3mico del pa\u00eds a trav\u00e9s de pol\u00edticas y programas que fomentan la competitividad de las empresas, la inversi\u00f3n en sectores clave de la econom\u00eda y la promoci\u00f3n del comercio tanto a nivel nacional como internacional.\u00a0Fue creado por\u00a0la\u00a0Ley N.\u00ba 904\/1963.<\/p>\n<p><b>El MIC trabaja en cuatro \u00e1reas principales:<\/b><\/p>\n<ul>\n<li data-leveltext=\"\uf0b7\" data-font=\"Symbol\" data-listid=\"16\" data-list-defn-props=\"{&quot;335552541&quot;:1,&quot;335559684&quot;:-2,&quot;335559685&quot;:720,&quot;335559991&quot;:360,&quot;469769226&quot;:&quot;Symbol&quot;,&quot;469769242&quot;:[8226],&quot;469777803&quot;:&quot;left&quot;,&quot;469777804&quot;:&quot;\uf0b7&quot;,&quot;469777815&quot;:&quot;hybridMultilevel&quot;}\" aria-setsize=\"-1\" data-aria-posinset=\"1\" data-aria-level=\"1\">Fomentar la instalaci\u00f3n de nuevas industrias y el mejoramiento de las existentes. El MIC ofrece incentivos fiscales y financieros para la instalaci\u00f3n de nuevas industrias. Tambi\u00e9n ofrece asistencia t\u00e9cnica y capacitaci\u00f3n a las empresas para mejorar su competitividad.<\/li>\n<li data-leveltext=\"\uf0b7\" data-font=\"Symbol\" data-listid=\"16\" data-list-defn-props=\"{&quot;335552541&quot;:1,&quot;335559684&quot;:-2,&quot;335559685&quot;:720,&quot;335559991&quot;:360,&quot;469769226&quot;:&quot;Symbol&quot;,&quot;469769242&quot;:[8226],&quot;469777803&quot;:&quot;left&quot;,&quot;469777804&quot;:&quot;\uf0b7&quot;,&quot;469777815&quot;:&quot;hybridMultilevel&quot;}\" aria-setsize=\"-1\" data-aria-posinset=\"2\" data-aria-level=\"1\">Regular, facilitar y fomentar la distribuci\u00f3n, circulaci\u00f3n y consumo de los bienes y servicios de origen nacional y extranjero.\u202fEl MIC regula el comercio exterior para proteger a los productores nacionales de la competencia desleal. Tambi\u00e9n organiza eventos para promover las exportaciones paraguayas.<\/li>\n<li data-leveltext=\"\uf0b7\" data-font=\"Symbol\" data-listid=\"16\" data-list-defn-props=\"{&quot;335552541&quot;:1,&quot;335559684&quot;:-2,&quot;335559685&quot;:720,&quot;335559991&quot;:360,&quot;469769226&quot;:&quot;Symbol&quot;,&quot;469769242&quot;:[8226],&quot;469777803&quot;:&quot;left&quot;,&quot;469777804&quot;:&quot;\uf0b7&quot;,&quot;469777815&quot;:&quot;hybridMultilevel&quot;}\" aria-setsize=\"-1\" data-aria-posinset=\"3\" data-aria-level=\"1\">Promover el incremento del comercio interno e internacional.\u202fEl MIC trabaja para facilitar el comercio interno y externo del Paraguay. Tambi\u00e9n ofrece asistencia t\u00e9cnica y capacitaci\u00f3n a las empresas para que puedan exportar sus productos.<\/li>\n<li data-leveltext=\"\uf0b7\" data-font=\"Symbol\" data-listid=\"16\" data-list-defn-props=\"{&quot;335552541&quot;:1,&quot;335559684&quot;:-2,&quot;335559685&quot;:720,&quot;335559991&quot;:360,&quot;469769226&quot;:&quot;Symbol&quot;,&quot;469769242&quot;:[8226],&quot;469777803&quot;:&quot;left&quot;,&quot;469777804&quot;:&quot;\uf0b7&quot;,&quot;469777815&quot;:&quot;hybridMultilevel&quot;}\" aria-setsize=\"-1\" data-aria-posinset=\"4\" data-aria-level=\"1\">Promoci\u00f3n de las micro, peque\u00f1as y medianas empresas (MIPYMES).\u202fLas MIPYMES son un pilar importante de la econom\u00eda paraguaya. El MIC ofrece asistencia t\u00e9cnica y capacitaci\u00f3n a las MIPYMES para que puedan crecer y desarrollarse.<\/li>\n<\/ul>\n<p>Las actividades del MIC contribuyen a un crecimiento econ\u00f3mico m\u00e1s inclusivo y sostenible en Paraguay. El MIC contribuye al Paraguay en la creaci\u00f3n de empleos, el aumento de la producci\u00f3n y la mejora de la competitividad del pa\u00eds.<\/p>\n<h1>PRINCIPALES DEPENDENCIAS<\/h1>\n<h2>INDUSTRIA<\/h2>\n<p>Subsecretar\u00eda de Estado de Industria<\/p>\n<h2>MIPYMES<\/h2>\n<p>Viceministerio de Mipymes<\/p>\n<h2>COMERCIO Y SERVICIOS<\/h2>\n<p>Subsecretar\u00eda de Estado de Comercio y Servicios<\/p>\n<h2>REDIEX<\/h2>\n<p>Red de Inversiones y Exportaciones<\/p>\n<h1>AUTORIDADES<\/h1>\n<p><img fetchpriority=\"high\" decoding=\"async\" src=\"http:\/\/10.240.0.13\/wp-content\/uploads\/2025\/06\/Captura-de-pantalla-2025-06-18-a-las-13.51.29.png\" sizes=\"(max-width: 264px) 100vw, 264px\" srcset=\"http:\/\/10.240.0.13\/wp-content\/uploads\/2025\/06\/Captura-de-pantalla-2025-06-18-a-las-13.51.29.png 264w, http:\/\/10.240.0.13\/wp-content\/uploads\/2025\/06\/Captura-de-pantalla-2025-06-18-a-las-13.51.29-219x300.png 219w\" alt=\"Francisco Javier Gim\u00e9nez Garc\u00eda de Zu\u00f1iga\" width=\"264\" height=\"362\" \/><\/p>\n<h3>Francisco Javier Gim\u00e9nez Garc\u00eda de Zu\u00f1iga<\/h3>\n<p>Ministro de Industria y Comercio<\/p>\n<p><img decoding=\"async\" src=\"http:\/\/10.240.0.13\/wp-content\/uploads\/2025\/06\/Captura-de-pantalla-2025-06-18-a-las-13.51.37.png\" sizes=\"(max-width: 264px) 100vw, 264px\" srcset=\"http:\/\/10.240.0.13\/wp-content\/uploads\/2025\/06\/Captura-de-pantalla-2025-06-18-a-las-13.51.37.png 264w, http:\/\/10.240.0.13\/wp-content\/uploads\/2025\/06\/Captura-de-pantalla-2025-06-18-a-las-13.51.37-238x300.png 238w\" alt=\"Marco Riquelme\" width=\"264\" height=\"333\" \/><\/p>\n<h3>Marco Riquelme<\/h3>\n<p>Viceministro de Industria<\/p>\n<p><img decoding=\"async\" src=\"http:\/\/10.240.0.13\/wp-content\/uploads\/2025\/06\/Captura-de-pantalla-2025-06-18-a-las-13.51.45.png\" sizes=\"(max-width: 264px) 100vw, 264px\" srcset=\"http:\/\/10.240.0.13\/wp-content\/uploads\/2025\/06\/Captura-de-pantalla-2025-06-18-a-las-13.51.45.png 264w, http:\/\/10.240.0.13\/wp-content\/uploads\/2025\/06\/Captura-de-pantalla-2025-06-18-a-las-13.51.45-219x300.png 219w\" alt=\"Rodrigo Maluff\" width=\"264\" height=\"361\" \/><\/p>\n<h3>Rodrigo Maluff<\/h3>\n<p>Viceministro de Comercio y Servicios<\/p>\n<h2>TItulo<\/h2>\n<p>Texto<\/p>\n<p><a href=\"#\"><br \/>\nBoton<br \/>\n<\/a><\/p>\n","protected":false},"excerpt":{"rendered":"<p>Nosotros Inicio Nosotros Misi\u00f3n Promover pol\u00edticas p\u00fablicas que apuntalen el desarrollo sostenible del sector empresarial; a trav\u00e9s del incremento de su competitividad Visi\u00f3n Ser la instituci\u00f3n p\u00fablica l\u00edder en la promoci\u00f3n del desarrollo competitivo y sostenible del sector empresarial en el Paraguay, contribuyendo a la calidad de vida de la sociedad. Valores Respeto, compromiso, esp\u00edritu [&hellip;]<\/p>\n","protected":false},"author":1,"featured_media":0,"parent":0,"menu_order":0,"comment_status":"closed","ping_status":"closed","template":"elementor_header_footer","meta":{"_themeisle_gutenberg_block_has_review":false,"footnotes":""},"class_list":["post-3025","page","type-page","status-publish","hentry"],"_links":{"self":[{"href":"https:\/\/preprod.mic.gov.py\/index.php?rest_route=\/wp\/v2\/pages\/3025","targetHints":{"allow":["GET"]}}],"collection":[{"href":"https:\/\/preprod.mic.gov.py\/index.php?rest_route=\/wp\/v2\/pages"}],"about":[{"href":"https:\/\/preprod.mic.gov.py\/index.php?rest_route=\/wp\/v2\/types\/page"}],"author":[{"embeddable":true,"href":"https:\/\/preprod.mic.gov.py\/index.php?rest_route=\/wp\/v2\/users\/1"}],"replies":[{"embeddable":true,"href":"https:\/\/preprod.mic.gov.py\/index.php?rest_route=%2Fwp%2Fv2%2Fcomments&post=3025"}],"version-history":[{"count":35,"href":"https:\/\/preprod.mic.gov.py\/index.php?rest_route=\/wp\/v2\/pages\/3025\/revisions"}],"predecessor-version":[{"id":3349,"href":"https:\/\/preprod.mic.gov.py\/index.php?rest_route=\/wp\/v2\/pages\/3025\/revisions\/3349"}],"wp:attachment":[{"href":"https:\/\/preprod.mic.gov.py\/index.php?rest_route=%2Fwp%2Fv2%2Fmedia&parent=3025"}],"curies":[{"name":"wp","href":"https:\/\/api.w.org\/{rel}","templated":true}]}}